{"id":399,"date":"2024-08-23T09:39:58","date_gmt":"2024-08-23T09:39:58","guid":{"rendered":"https:\/\/michaelsbuch.ashub.de\/?page_id=399"},"modified":"2024-11-21T09:33:11","modified_gmt":"2024-11-21T09:33:11","slug":"beichte","status":"publish","type":"page","link":"https:\/\/michaelsbuch.ashub.de\/?page_id=399","title":{"rendered":"Beichte"},"content":{"rendered":"<section class=\"bde-section-399-107 bde-section\">\n              \n  \n\t\n\n  <div class=\"section-background-overlay\"><\/div>\n\n\n<div class=\"section-container\"><div class=\"bde-text-399-108 bde-text\">\nSAKRAMENT\n<\/div><h1 class=\"bde-heading-399-109 bde-heading\">\nDer Beichte\n<\/h1><\/div>\n<\/section><section class=\"bde-section-399-110 bde-section\">\n  \n\t\n\n\n\n<div class=\"section-container\"><div class=\"bde-columns-399-112 bde-columns\"><div class=\"bde-column-399-113 bde-column\">\n  \n\t\n\n\n\n<h2 class=\"bde-heading-399-111 bde-heading\">\nWof\u00fcr Beichten?\n<\/h2><div class=\"bde-text-399-114 bde-text\">\nDie Beichte, auch als Sakrament der Vers\u00f6hnung bekannt, ist ein wichtiges Sakrament in der christlichen Kirche, das die Vers\u00f6hnung des Gl\u00e4ubigen mit Gott und der Kirche erm\u00f6glicht. Sie bietet die Gelegenheit, S\u00fcnden zu bereuen, Vergebung zu erlangen und den eigenen Glauben zu erneuern.\n<\/div>\n<\/div><div class=\"bde-column-399-115 bde-column\">\n  \n\t\n\n\n\n\n<\/div><\/div><div class=\"bde-rich-text-399-116 bde-rich-text breakdance-rich-text-styles\">\n<p><strong>Ablauf der Beichte:<\/strong><\/p>\n<ol>\n<li>\n<p><strong>Vorbereitung:<\/strong> Der Gl\u00e4ubige bereitet sich durch Gebet und Reflexion auf die Beichte vor, indem er seine S\u00fcnden ehrlich erkennt und bereut. Oft wird ein Examen des Gewissens durchgef\u00fchrt, um alle relevanten S\u00fcnden zu reflektieren.<\/p>\n<\/li>\n<li>\n<p><strong>Gest\u00e4ndnis:<\/strong> In der Beichte begegnet der Gl\u00e4ubige dem Priester in einem vertraulichen Rahmen, oft in einem Beichtstuhl oder einem anderen privaten Raum. Der Priester begr\u00fc\u00dft den Beichtenden und bietet Gebet und Ermutigung an. Der Gl\u00e4ubige gesteht seine S\u00fcnden und bringt sein Bedauern zum Ausdruck.<\/p>\n<\/li>\n<li>\n<p><strong>Bu\u00dfe:<\/strong> Der Priester gibt eine Bu\u00dfe auf, die oft aus Gebeten, guten Taten oder anderen Handlungen besteht. Diese Bu\u00dfe soll dem Gl\u00e4ubigen helfen, die Vers\u00f6hnung zu vollziehen und sich zu bessern.<\/p>\n<\/li>\n<li>\n<p><strong>Absolution:<\/strong> Der Priester spricht die Worte der Absolution: \u201eIch spreche dich los von deinen S\u00fcnden im Namen des Vaters, des Sohnes und des Heiligen Geistes.\u201c Damit wird die Vergebung der S\u00fcnden durch die g\u00f6ttliche Gnade best\u00e4tigt.<\/p>\n<\/li>\n<li>\n<p><strong>Schlussgebet:<\/strong> Der Gl\u00e4ubige betet oft ein Schlussgebet oder einen Dank f\u00fcr die empfang<\/p>\n<\/li>\n<\/ol>\n<\/div><\/div>\n<\/section>","protected":false},"excerpt":{"rendered":"<p>SAKRAMENT Der Beichte Wof\u00fcr Beichten? Die Beichte, auch als Sakrament der Vers\u00f6hnung bekannt, ist ein wichtiges Sakrament in der christlichen Kirche, das die Vers\u00f6hnung des Gl\u00e4ubigen mit Gott und der Kirche erm\u00f6glicht. Sie bietet die Gelegenheit, S\u00fcnden zu bereuen, Vergebung zu erlangen und den eigenen Glauben zu erneuern. Ablauf der Beichte: Vorbereitung: Der Gl\u00e4ubige bereitet [&hellip;]<\/p>\n","protected":false},"author":2,"featured_media":0,"parent":0,"menu_order":0,"comment_status":"closed","ping_status":"closed","template":"","meta":{"_breakdance_hide_in_design_set":false,"_breakdance_tags":"","footnotes":""},"class_list":["post-399","page","type-page","status-publish","hentry"],"_links":{"self":[{"href":"https:\/\/michaelsbuch.ashub.de\/index.php?rest_route=\/wp\/v2\/pages\/399","targetHints":{"allow":["GET"]}}],"collection":[{"href":"https:\/\/michaelsbuch.ashub.de\/index.php?rest_route=\/wp\/v2\/pages"}],"about":[{"href":"https:\/\/michaelsbuch.ashub.de\/index.php?rest_route=\/wp\/v2\/types\/page"}],"author":[{"embeddable":true,"href":"https:\/\/michaelsbuch.ashub.de\/index.php?rest_route=\/wp\/v2\/users\/2"}],"replies":[{"embeddable":true,"href":"https:\/\/michaelsbuch.ashub.de\/index.php?rest_route=%2Fwp%2Fv2%2Fcomments&post=399"}],"version-history":[{"count":8,"href":"https:\/\/michaelsbuch.ashub.de\/index.php?rest_route=\/wp\/v2\/pages\/399\/revisions"}],"predecessor-version":[{"id":483,"href":"https:\/\/michaelsbuch.ashub.de\/index.php?rest_route=\/wp\/v2\/pages\/399\/revisions\/483"}],"wp:attachment":[{"href":"https:\/\/michaelsbuch.ashub.de\/index.php?rest_route=%2Fwp%2Fv2%2Fmedia&parent=399"}],"curies":[{"name":"wp","href":"https:\/\/api.w.org\/{rel}","templated":true}]}}