{"id":383,"date":"2024-08-23T08:25:33","date_gmt":"2024-08-23T08:25:33","guid":{"rendered":"https:\/\/michaelsbuch.ashub.de\/?page_id=383"},"modified":"2024-09-02T14:15:02","modified_gmt":"2024-09-02T14:15:02","slug":"ehe","status":"publish","type":"page","link":"https:\/\/michaelsbuch.ashub.de\/?page_id=383","title":{"rendered":"Ehe"},"content":{"rendered":"<section class=\"bde-section-383-100 bde-section\">\n              \n  \n\t\n\n  <div class=\"section-background-overlay\"><\/div>\n\n\n<div class=\"section-container\"><div class=\"bde-text-383-101 bde-text\">\nSAKRAMENT\n<\/div><h1 class=\"bde-heading-383-102 bde-heading\">\nDer Ehe\n<\/h1><\/div>\n<\/section><section class=\"bde-section-383-103 bde-section\">\n  \n\t\n\n\n\n<div class=\"section-container\"><div class=\"bde-columns-383-105 bde-columns\"><div class=\"bde-column-383-106 bde-column\">\n  \n\t\n\n\n\n<h2 class=\"bde-heading-383-104 bde-heading\">\nDie Ehe\n<\/h2><div class=\"bde-text-383-107 bde-text\">\nDie Ehe ist ein Sakrament, das die lebenslange Verbindung zwischen zwei Menschen im christlichen Glauben besiegelt. Sie symbolisiert die Liebe und Treue zwischen den Ehepartnern und ihre Verpflichtung, gemeinsam ihren Lebensweg zu gehen. Durch das Sakrament der Ehe empfangen die Partner Gottes Segen und die Gnade, ihre Beziehung im Geist der christlichen Werte zu f\u00fchren. Die Ehe ist mehr als ein Vertrag; sie ist ein heiliger Bund, der von Gott gestiftet und in der Kirche gefeiert wird.<br><br>\n<\/div>\n<\/div><div class=\"bde-column-383-108 bde-column\">\n  \n\t\n\n\n\n\n<\/div><\/div><div class=\"bde-rich-text-383-110 bde-rich-text breakdance-rich-text-styles\">\n<p><strong>Ablauf der christlichen Ehe<\/strong><\/p>\n<p><strong>1. Vorbereitung:<\/strong> Bevor die Ehe geschlossen wird, findet ein Beratungsgespr\u00e4ch oder Ehevorbereitungsgespr\u00e4ch mit einem Priester oder Pastor statt. Dies dient dazu, die Bedeutung der Ehe zu erl\u00e4utern, rechtliche und spirituelle Fragen zu kl\u00e4ren und sicherzustellen, dass beide Partner die Entscheidung bewusst treffen.<\/p>\n<p><strong>2. Trauung:<\/strong> Die Trauung findet in der Regel w\u00e4hrend einer Eucharistiefeier oder eines Gottesdienstes statt. Der Ablauf umfasst folgende Schritte:<\/p>\n<ul>\n<li><strong>Einzug:<\/strong> Das Brautpaar zieht gemeinsam in die Kirche ein, oft begleitet von Musik und Gesang.<\/li>\n<li><strong>Er\u00f6ffnung:<\/strong> Der Gottesdienst beginnt mit Gebeten und Liedern, die den feierlichen Charakter des Anlasses unterstreichen.<\/li>\n<li><strong>Lesungen:<\/strong> Es werden Bibelstellen gelesen, die die Bedeutung der Ehe und die christlichen Werte betonen.<\/li>\n<li><strong>Predigt:<\/strong> Der Priester oder Pastor h\u00e4lt eine Ansprache, die die Bedeutung der Ehe und die Verantwortung der Ehepartner erl\u00e4utert.<\/li>\n<li><strong>Trauversprechen:<\/strong> Das Brautpaar gibt sich gegenseitig das Eheversprechen, das meist die Worte \u201eIn guten wie in schlechten Tagen, bis dass der Tod euch scheidet\u201c enth\u00e4lt.<\/li>\n<li><strong>Ringwechsel:<\/strong> Die Eheringe werden ausgetauscht, was das Symbol f\u00fcr die ewige Treue und Liebe ist.<\/li>\n<li><strong>Segnung:<\/strong> Der Priester oder Pastor segnet das Brautpaar und bittet um Gottes Segen f\u00fcr ihre Ehe.<\/li>\n<li><strong>Schlussgebete:<\/strong> Der Gottesdienst endet mit Gebeten f\u00fcr das Brautpaar und die Feier der Eucharistie oder einem abschlie\u00dfenden Segen.<\/li>\n<\/ul>\n<p><strong>3. Feier:<\/strong> Nach der Trauung folgt oft ein Fest, bei dem Familie und Freunde zusammenkommen, um das neue Ehepaar zu feiern. Dies kann ein Empfang, ein Dinner oder eine Party umfassen, die den freudigen Anlass w\u00fcrdigt und die Gemeinschaft der Feiernden st\u00e4rkt.<\/p>\n<p>Dieser Ablauf kann je nach Tradition und Gemeinde leicht variieren, bleibt jedoch im Wesentlichen gleich, da er die zentralen Elemente des Sakraments der Ehe umfasst.<\/p>\n<\/div><\/div>\n<\/section>","protected":false},"excerpt":{"rendered":"<p>SAKRAMENT Der Ehe Die Ehe Die Ehe ist ein Sakrament, das die lebenslange Verbindung zwischen zwei Menschen im christlichen Glauben besiegelt. Sie symbolisiert die Liebe und Treue zwischen den Ehepartnern und ihre Verpflichtung, gemeinsam ihren Lebensweg zu gehen. Durch das Sakrament der Ehe empfangen die Partner Gottes Segen und die Gnade, ihre Beziehung im Geist [&hellip;]<\/p>\n","protected":false},"author":2,"featured_media":0,"parent":0,"menu_order":0,"comment_status":"closed","ping_status":"closed","template":"","meta":{"_breakdance_hide_in_design_set":false,"_breakdance_tags":"","footnotes":""},"class_list":["post-383","page","type-page","status-publish","hentry"],"_links":{"self":[{"href":"https:\/\/michaelsbuch.ashub.de\/index.php?rest_route=\/wp\/v2\/pages\/383","targetHints":{"allow":["GET"]}}],"collection":[{"href":"https:\/\/michaelsbuch.ashub.de\/index.php?rest_route=\/wp\/v2\/pages"}],"about":[{"href":"https:\/\/michaelsbuch.ashub.de\/index.php?rest_route=\/wp\/v2\/types\/page"}],"author":[{"embeddable":true,"href":"https:\/\/michaelsbuch.ashub.de\/index.php?rest_route=\/wp\/v2\/users\/2"}],"replies":[{"embeddable":true,"href":"https:\/\/michaelsbuch.ashub.de\/index.php?rest_route=%2Fwp%2Fv2%2Fcomments&post=383"}],"version-history":[{"count":5,"href":"https:\/\/michaelsbuch.ashub.de\/index.php?rest_route=\/wp\/v2\/pages\/383\/revisions"}],"predecessor-version":[{"id":440,"href":"https:\/\/michaelsbuch.ashub.de\/index.php?rest_route=\/wp\/v2\/pages\/383\/revisions\/440"}],"wp:attachment":[{"href":"https:\/\/michaelsbuch.ashub.de\/index.php?rest_route=%2Fwp%2Fv2%2Fmedia&parent=383"}],"curies":[{"name":"wp","href":"https:\/\/api.w.org\/{rel}","templated":true}]}}