{"id":365,"date":"2024-08-23T07:49:30","date_gmt":"2024-08-23T07:49:30","guid":{"rendered":"https:\/\/michaelsbuch.ashub.de\/?page_id=365"},"modified":"2024-09-03T13:24:38","modified_gmt":"2024-09-03T13:24:38","slug":"kommunion","status":"publish","type":"page","link":"https:\/\/michaelsbuch.ashub.de\/?page_id=365","title":{"rendered":"Kommunion"},"content":{"rendered":"<section class=\"bde-section-365-100 bde-section\">\n              \n  \n\t\n\n  <div class=\"section-background-overlay\"><\/div>\n\n\n<div class=\"section-container\"><div class=\"bde-text-365-101 bde-text\">\nSAKRAMENT\n<\/div><h1 class=\"bde-heading-365-102 bde-heading\">\nEucharistie\n<\/h1><\/div>\n<\/section><section class=\"bde-section-365-103 bde-section\">\n  \n\t\n\n\n\n<div class=\"section-container\"><div class=\"bde-columns-365-104 bde-columns\"><div class=\"bde-column-365-105 bde-column\">\n  \n\t\n\n\n\n<h2 class=\"bde-heading-365-110 bde-heading\">\nWas genau ist die Kommunion?\n<\/h2><div class=\"bde-text-365-107 bde-text\">\nDie Kommunion ist ein zentrales Sakrament im christlichen Glauben. Sie steht f\u00fcr die Gemeinschaft mit Jesus Christus, indem Gl\u00e4ubige in der Eucharistiefeier den Leib und das Blut Christi in Form von Brot und Wein empfangen. Diese Handlung symbolisiert die tiefe Verbindung zu Christus und st\u00e4rkt die spirituelle Beziehung zu Gott und zur Kirche. Die erste Teilnahme an der Kommunion, die sogenannte Erstkommunion, ist ein wichtiger Schritt im Glaubensleben eines Kindes.\n<\/div>\n<\/div><div class=\"bde-column-365-106 bde-column\">\n  \n\t\n\n\n\n\n<\/div><\/div><div class=\"bde-rich-text-365-109 bde-rich-text breakdance-rich-text-styles\">\n<p><strong>Wie lasse ich mein Kind zur Erstkommunion gehen?<\/strong><\/p>\n<p>Die Erstkommunion ist ein bedeutender Meilenstein im Glaubensleben eines jungen Christen und wird in der Kirche festlich begangen. Wenn du dein Kind zur Erstkommunion f\u00fchren m\u00f6chtest, gibt es einige wichtige Schritte, die du beachten solltest.<\/p>\n<p><strong>Vorbereitung auf die Erstkommunion<\/strong><\/p>\n<p>Zun\u00e4chst solltest du Kontakt zu deiner \u00f6rtlichen Kirchengemeinde aufnehmen, um Informationen \u00fcber den Termin der Erstkommunion und die erforderlichen Vorbereitungen zu erhalten. In der Regel nimmt dein Kind an einem Kommunionunterricht oder einem Vorbereitungskurs teil. In diesem Kurs lernt es die Bedeutung der Eucharistie, den Ablauf der Messe und die christlichen Werte, die mit der Teilnahme an der Kommunion verbunden sind. Es ist auch \u00fcblich, dass die Kinder das Sakrament der Beichte empfangen, bevor sie das erste Mal die Kommunion empfangen.<\/p>\n<p><strong>Die Erstkommunionfeier<\/strong><\/p>\n<p>Die Erstkommunion findet meist im Rahmen eines festlichen Gottesdienstes statt. Dein Kind empf\u00e4ngt zum ersten Mal den Leib und das Blut Christi in Form von Brot und Wein. Der Priester wird deinem Kind die Hostie \u00fcberreichen, wobei er die Worte spricht: \u201eDer Leib Christi.\u201c Dein Kind antwortet mit \u201eAmen\u201c und empf\u00e4ngt so das Sakrament. Dieser Moment ist ein tief spirituelles Erlebnis, das die Gemeinschaft mit Christus und der Kirche st\u00e4rkt.<\/p>\n<p><strong>Nach der Erstkommunion<\/strong><\/p>\n<p>Nach der Erstkommunion ist dein Kind eingeladen, regelm\u00e4\u00dfig an der Eucharistiefeier teilzunehmen und so sein Glaubensleben weiter zu vertiefen. Viele Familien feiern diesen besonderen Anlass mit einem Fest im Kreise von Familie und Freunden. Es ist auch ein sch\u00f6ner Brauch, an diesem Tag eine besondere Kommunionkerze zu entz\u00fcnden, die das Licht Christi symbolisiert, das dein Kind in seinem Leben begleiten soll.<\/p>\n<\/div><\/div>\n<\/section>","protected":false},"excerpt":{"rendered":"<p>SAKRAMENT Eucharistie Was genau ist die Kommunion? Die Kommunion ist ein zentrales Sakrament im christlichen Glauben. Sie steht f\u00fcr die Gemeinschaft mit Jesus Christus, indem Gl\u00e4ubige in der Eucharistiefeier den Leib und das Blut Christi in Form von Brot und Wein empfangen. Diese Handlung symbolisiert die tiefe Verbindung zu Christus und st\u00e4rkt die spirituelle Beziehung [&hellip;]<\/p>\n","protected":false},"author":2,"featured_media":0,"parent":0,"menu_order":0,"comment_status":"closed","ping_status":"closed","template":"","meta":{"_breakdance_hide_in_design_set":false,"_breakdance_tags":"","footnotes":""},"class_list":["post-365","page","type-page","status-publish","hentry"],"_links":{"self":[{"href":"https:\/\/michaelsbuch.ashub.de\/index.php?rest_route=\/wp\/v2\/pages\/365","targetHints":{"allow":["GET"]}}],"collection":[{"href":"https:\/\/michaelsbuch.ashub.de\/index.php?rest_route=\/wp\/v2\/pages"}],"about":[{"href":"https:\/\/michaelsbuch.ashub.de\/index.php?rest_route=\/wp\/v2\/types\/page"}],"author":[{"embeddable":true,"href":"https:\/\/michaelsbuch.ashub.de\/index.php?rest_route=\/wp\/v2\/users\/2"}],"replies":[{"embeddable":true,"href":"https:\/\/michaelsbuch.ashub.de\/index.php?rest_route=%2Fwp%2Fv2%2Fcomments&post=365"}],"version-history":[{"count":10,"href":"https:\/\/michaelsbuch.ashub.de\/index.php?rest_route=\/wp\/v2\/pages\/365\/revisions"}],"predecessor-version":[{"id":457,"href":"https:\/\/michaelsbuch.ashub.de\/index.php?rest_route=\/wp\/v2\/pages\/365\/revisions\/457"}],"wp:attachment":[{"href":"https:\/\/michaelsbuch.ashub.de\/index.php?rest_route=%2Fwp%2Fv2%2Fmedia&parent=365"}],"curies":[{"name":"wp","href":"https:\/\/api.w.org\/{rel}","templated":true}]}}