{"id":338,"date":"2024-08-23T06:19:02","date_gmt":"2024-08-23T06:19:02","guid":{"rendered":"https:\/\/michaelsbuch.ashub.de\/?page_id=338"},"modified":"2024-08-23T06:46:59","modified_gmt":"2024-08-23T06:46:59","slug":"firmung","status":"publish","type":"page","link":"https:\/\/michaelsbuch.ashub.de\/?page_id=338","title":{"rendered":"Firmung"},"content":{"rendered":"<section class=\"bde-section-338-100 bde-section\">\n              \n  \n\t\n\n  <div class=\"section-background-overlay\"><\/div>\n\n\n<div class=\"section-container\"><div class=\"bde-text-338-101 bde-text\">\nSAKRAMENT\n<\/div><h1 class=\"bde-heading-338-102 bde-heading\">\nDer Firmung\n<\/h1><\/div>\n<\/section><section class=\"bde-section-338-103 bde-section\">\n  \n\t\n\n\n\n<div class=\"section-container\"><h2 class=\"bde-heading-338-104 bde-heading\">\nWas genau ist eine Firmung?\n<\/h2><div class=\"bde-columns-338-107 bde-columns\"><div class=\"bde-column-338-108 bde-column\">\n  \n\t\n\n\n\n<div class=\"bde-text-338-105 bde-text\">\nDie Firmung ist ein bedeutendes Sakrament in meinem Leben als Christ. Sie markiert den Moment, in dem ich meine Bindung zu Gott vertiefe und meine Zugeh\u00f6rigkeit zur Kirche bekr\u00e4ftige. Durch die Handauflegung und die Salbung mit Chrisam durch den Bischof empfange ich die F\u00fclle des Heiligen Geistes. Diese Gaben, wie Weisheit und St\u00e4rke, unterst\u00fctzen mich dabei, meinen Glauben bewusst und mutig zu leben.\n<\/div>\n<\/div><div class=\"bde-column-338-109 bde-column\">\n  \n\t\n\n\n\n<div class=\"bde-text-338-110 bde-text\">\nMit der Firmung \u00fcbernehme ich die Verantwortung, meinen Glauben aktiv in die Welt zu tragen. Sie ist ein Zeichen meiner geistlichen Reife und meiner vollen Mitgliedschaft in der Kirche. Der Heilige Geist begleitet mich auf meinem weiteren Lebensweg, st\u00e4rkt mich in Herausforderungen und gibt mir die Kraft, christliche Werte wie Liebe, Gerechtigkeit und Frieden in meinem Alltag zu leben. Die Firmung ist ein entscheidender Schritt auf meiner spirituellen Reise.\n<\/div>\n<\/div><\/div><div class=\"bde-rich-text-338-111 bde-rich-text breakdance-rich-text-styles\">\n<p><strong>Wie lasse ich mein Kind firmen?<\/strong><\/p>\n<p>Die Firmung ist ein wichtiger Schritt im Glaubensleben eines jungen Christen und wird in der Kirche feierlich begangen. Wenn du dein Kind firmen lassen m\u00f6chtest, gibt es einige Schritte, die du beachten solltest.<\/p>\n<p><strong>Vorbereitung auf die Firmung<\/strong><\/p>\n<p>Zun\u00e4chst solltest du Kontakt zu deiner \u00f6rtlichen Kirchengemeinde aufnehmen und dich \u00fcber den Firmtermin und die Anforderungen informieren. In der Regel wird ein Firmvorbereitungskurs angeboten, den dein Kind besuchen muss. In diesem Kurs lernt es die Bedeutung der Firmung kennen, vertieft seinen Glauben und bereitet sich auf das Sakrament vor. Es ist auch wichtig, einen Firmpaten oder eine Firmpatin auszuw\u00e4hlen, der oder die dein Kind auf seinem weiteren Glaubensweg begleitet.<\/p>\n<p><strong>Die Firmzeremonie<\/strong><\/p>\n<p>Die Firmung findet meist in einem feierlichen Gottesdienst statt, oft durch den Bischof oder einen bevollm\u00e4chtigten Priester. W\u00e4hrend der Zeremonie legt der Firmspender die H\u00e4nde auf den Kopf deines Kindes und salbt es mit Chrisam, einem geweihten \u00d6l. Dabei spricht er die Worte: \u201eSei besiegelt durch die Gabe Gottes, den Heiligen Geist.\u201c Diese Handlung symbolisiert die Ausgie\u00dfung des Heiligen Geistes und die St\u00e4rkung des Glaubens.<\/p>\n<p><strong>Nach der Firmung<\/strong><\/p>\n<p>Nach der Firmung ist dein Kind voll in die Gemeinschaft der Kirche aufgenommen und wird als reifer Christ angesehen. Viele Familien feiern diesen bedeutsamen Moment mit einem Fest im Kreis von Familie und Freunden. Es ist ein sch\u00f6ner Brauch, eine Firmkerze zu entz\u00fcnden, die das Licht des Heiligen Geistes symbolisiert, das dein Kind auf seinem weiteren Lebensweg begleiten soll.<\/p>\n<\/div><\/div>\n<\/section>","protected":false},"excerpt":{"rendered":"<p>SAKRAMENT Der Firmung Was genau ist eine Firmung? Die Firmung ist ein bedeutendes Sakrament in meinem Leben als Christ. Sie markiert den Moment, in dem ich meine Bindung zu Gott vertiefe und meine Zugeh\u00f6rigkeit zur Kirche bekr\u00e4ftige. Durch die Handauflegung und die Salbung mit Chrisam durch den Bischof empfange ich die F\u00fclle des Heiligen Geistes. [&hellip;]<\/p>\n","protected":false},"author":2,"featured_media":0,"parent":0,"menu_order":0,"comment_status":"closed","ping_status":"closed","template":"","meta":{"_breakdance_hide_in_design_set":false,"_breakdance_tags":"","footnotes":""},"class_list":["post-338","page","type-page","status-publish","hentry"],"_links":{"self":[{"href":"https:\/\/michaelsbuch.ashub.de\/index.php?rest_route=\/wp\/v2\/pages\/338","targetHints":{"allow":["GET"]}}],"collection":[{"href":"https:\/\/michaelsbuch.ashub.de\/index.php?rest_route=\/wp\/v2\/pages"}],"about":[{"href":"https:\/\/michaelsbuch.ashub.de\/index.php?rest_route=\/wp\/v2\/types\/page"}],"author":[{"embeddable":true,"href":"https:\/\/michaelsbuch.ashub.de\/index.php?rest_route=\/wp\/v2\/users\/2"}],"replies":[{"embeddable":true,"href":"https:\/\/michaelsbuch.ashub.de\/index.php?rest_route=%2Fwp%2Fv2%2Fcomments&post=338"}],"version-history":[{"count":6,"href":"https:\/\/michaelsbuch.ashub.de\/index.php?rest_route=\/wp\/v2\/pages\/338\/revisions"}],"predecessor-version":[{"id":364,"href":"https:\/\/michaelsbuch.ashub.de\/index.php?rest_route=\/wp\/v2\/pages\/338\/revisions\/364"}],"wp:attachment":[{"href":"https:\/\/michaelsbuch.ashub.de\/index.php?rest_route=%2Fwp%2Fv2%2Fmedia&parent=338"}],"curies":[{"name":"wp","href":"https:\/\/api.w.org\/{rel}","templated":true}]}}