{"id":326,"date":"2024-08-23T06:18:53","date_gmt":"2024-08-23T06:18:53","guid":{"rendered":"https:\/\/michaelsbuch.ashub.de\/?page_id=326"},"modified":"2024-08-23T14:14:42","modified_gmt":"2024-08-23T14:14:42","slug":"taufe","status":"publish","type":"page","link":"https:\/\/michaelsbuch.ashub.de\/?page_id=326","title":{"rendered":"Taufe"},"content":{"rendered":"<section class=\"bde-section-326-100 bde-section\">\n              \n  \n\t\n\n  <div class=\"section-background-overlay\"><\/div>\n\n\n<div class=\"section-container\"><div class=\"bde-text-326-103 bde-text\">\nSAKRAMENT\n<\/div><h1 class=\"bde-heading-326-102 bde-heading\">\nDer Taufe\n<\/h1><\/div>\n<\/section><section class=\"bde-section-326-104 bde-section\">\n  \n\t\n\n\n\n<div class=\"section-container\"><div class=\"bde-columns-326-109 bde-columns\"><div class=\"bde-column-326-110 bde-column\">\n  \n\t\n\n\n\n<h2 class=\"bde-heading-326-106 bde-heading\">\nWas genau ist die taufe?\n<\/h2><div class=\"bde-text-326-105 bde-text\">\nDie Taufe ist das erste Sakrament, das den Menschen in die Gemeinschaft mit Gott, dem Vater, dem Sohn und dem Heiligen Geist aufnimmt. Sie macht den Menschen zu einem Mitglied der christlichen Kirche und st\u00e4rkt seine Verbindung zu Gott. Durch die Taufe wird der Gl\u00e4ubige Teil des Leibes Christi und beginnt ein Leben in Christus, das die Grundlage f\u00fcr alle weiteren Sakramente bildet.\n<\/div>\n<\/div><div class=\"bde-column-326-111 bde-column\">\n  \n\t\n\n\n\n\n<\/div><\/div><div class=\"bde-rich-text-326-108 bde-rich-text breakdance-rich-text-styles\">\n<p><strong>Wie taufe ich mein Kind?<\/strong><\/p>\n<p>Die Taufe ist ein wichtiger Schritt im Leben eines Christen und wird traditionell in der Kirche gefeiert. Wenn du dein Kind taufen lassen m\u00f6chtest, gibt es einige Schritte, die du beachten solltest.<\/p>\n<p><strong>Vorbereitung auf die Taufe<\/strong><\/p>\n<p>Zun\u00e4chst solltest du Kontakt zu deiner \u00f6rtlichen Kirchengemeinde aufnehmen und ein Taufgespr\u00e4ch vereinbaren. In diesem Gespr\u00e4ch wird der Pfarrer oder die Pfarrerin mit dir die Bedeutung der Taufe besprechen und den Ablauf der Taufzeremonie erkl\u00e4ren. Es ist auch wichtig, Taufpaten auszuw\u00e4hlen, die eine besondere Rolle im Leben deines Kindes spielen werden.<\/p>\n<p><strong>Die Taufzeremonie<\/strong><\/p>\n<p>Die Taufe selbst findet meist w\u00e4hrend eines Gottesdienstes statt. Der Pfarrer oder die Pfarrerin tauft das Kind, indem er oder sie Wasser \u00fcber den Kopf des Kindes gie\u00dft und dabei die Worte spricht: \u201eIch taufe dich im Namen des Vaters und des Sohnes und des Heiligen Geistes.\u201c Das Wasser symbolisiert die Reinigung von S\u00fcnde und den Eintritt in das neue Leben mit Gott.<\/p>\n<p><strong>Nach der Taufe<\/strong><\/p>\n<p>Nach der Taufe wird dein Kind offiziell in die christliche Gemeinschaft aufgenommen. Viele Familien feiern diesen besonderen Anlass mit einem Fest im Kreis der Familie und Freunde. Es ist auch \u00fcblich, eine Taufkerze anzuz\u00fcnden, die das Licht Christi symbolisiert, das das Leben deines Kindes erhellen soll.<\/p>\n<\/div><\/div>\n<\/section>","protected":false},"excerpt":{"rendered":"<p>SAKRAMENT Der Taufe Was genau ist die taufe? Die Taufe ist das erste Sakrament, das den Menschen in die Gemeinschaft mit Gott, dem Vater, dem Sohn und dem Heiligen Geist aufnimmt. Sie macht den Menschen zu einem Mitglied der christlichen Kirche und st\u00e4rkt seine Verbindung zu Gott. Durch die Taufe wird der Gl\u00e4ubige Teil des [&hellip;]<\/p>\n","protected":false},"author":2,"featured_media":0,"parent":0,"menu_order":0,"comment_status":"closed","ping_status":"closed","template":"","meta":{"_breakdance_hide_in_design_set":false,"_breakdance_tags":"","footnotes":""},"class_list":["post-326","page","type-page","status-publish","hentry"],"_links":{"self":[{"href":"https:\/\/michaelsbuch.ashub.de\/index.php?rest_route=\/wp\/v2\/pages\/326","targetHints":{"allow":["GET"]}}],"collection":[{"href":"https:\/\/michaelsbuch.ashub.de\/index.php?rest_route=\/wp\/v2\/pages"}],"about":[{"href":"https:\/\/michaelsbuch.ashub.de\/index.php?rest_route=\/wp\/v2\/types\/page"}],"author":[{"embeddable":true,"href":"https:\/\/michaelsbuch.ashub.de\/index.php?rest_route=\/wp\/v2\/users\/2"}],"replies":[{"embeddable":true,"href":"https:\/\/michaelsbuch.ashub.de\/index.php?rest_route=%2Fwp%2Fv2%2Fcomments&post=326"}],"version-history":[{"count":13,"href":"https:\/\/michaelsbuch.ashub.de\/index.php?rest_route=\/wp\/v2\/pages\/326\/revisions"}],"predecessor-version":[{"id":424,"href":"https:\/\/michaelsbuch.ashub.de\/index.php?rest_route=\/wp\/v2\/pages\/326\/revisions\/424"}],"wp:attachment":[{"href":"https:\/\/michaelsbuch.ashub.de\/index.php?rest_route=%2Fwp%2Fv2%2Fmedia&parent=326"}],"curies":[{"name":"wp","href":"https:\/\/api.w.org\/{rel}","templated":true}]}}